{"id":525,"date":"2020-08-25T11:21:10","date_gmt":"2020-08-25T09:21:10","guid":{"rendered":"https:\/\/sullysmeribel.com\/?page_id=525"},"modified":"2025-06-02T15:58:08","modified_gmt":"2025-06-02T13:58:08","slug":"jobs","status":"publish","type":"page","link":"https:\/\/sullysmeribel.com\/fr\/jobs\/","title":{"rendered":"Jobs"},"content":{"rendered":"<div class=\"wpb-content-wrapper\"><p>[vc_row full_width=\u00a0\u00bbstretch_row_content\u00a0\u00bb full_height=\u00a0\u00bbyes\u00a0\u00bb el_class=\u00a0\u00bbscrollable-section\u00a0\u00bb][vc_column][vc_empty_space height=\u00a0\u00bb50px\u00a0\u00bb][vc_custom_heading source=\u00a0\u00bbpost_title\u00a0\u00bb font_container=\u00a0\u00bbtag:h2|text_align:center\u00a0\u00bb use_theme_fonts=\u00a0\u00bbyes\u00a0\u00bb][vc_row_inner equal_height=\u00a0\u00bbyes\u00a0\u00bb content_placement=\u00a0\u00bbtop\u00a0\u00bb css=\u00a0\u00bb.vc_custom_1541520506989{background-color: #ffffff !important;}\u00a0\u00bb][vc_column_inner width=\u00a0\u00bb1\/3&Prime; css=\u00a0\u00bb.vc_custom_1669221662905{margin-top: 15px !important;margin-right: 15px !important;margin-bottom: 15px !important;margin-left: 15px !important;padding-top: 25px !important;padding-bottom: 25px !important;background-image: url(https:\/\/sullysmeribel.com\/wp-content\/uploads\/2022\/11\/sullys-bar-club-winter-ski-season-staff.jpeg?id=778) !important;background-position: center !important;background-repeat: no-repeat !important;background-size: cover !important;}\u00a0\u00bb][\/vc_column_inner][vc_column_inner el_class=\u00a0\u00bboutlined\u00a0\u00bb width=\u00a0\u00bb2\/3&Prime; css=\u00a0\u00bb.vc_custom_1541518607829{margin-top: 30px !important;margin-right: 30px !important;margin-bottom: 30px !important;margin-left: 30px !important;padding-top: 30px !important;padding-right: 30px !important;padding-bottom: 30px !important;padding-left: 30px !important;}\u00a0\u00bb][vc_column_text el_class=\u00a0\u00bbadress-info\u00a0\u00bb]<\/p>\n<h3 class=\"title\">REJOIGNEZ L&rsquo;AVENTURE SULLY&rsquo;S<\/h3>\n<p>[\/vc_column_text][vc_column_text el_class=\u00a0\u00bbadress-info\u00a0\u00bb]Tu aimes la convivialit\u00e9, le contact client, rejoins l\u2019\u00e9quipe Sully&rsquo;s Meribel<\/p>\n<p>Barman\/Barmaid, Serveur\/Serveuse, Runner, Commis de cuisine, Cuisinier\/Cuisini\u00e8re, Agent de s\u00e9curit\u00e9\u2026[\/vc_column_text][vc_btn title=\u00a0\u00bbRejoins l&rsquo;aventure ici !\u00a0\u00bb link=\u00a0\u00bburl:https%3A%2F%2Fapp.onewayinterview.com%2Finterview%2Freply%2FNgfmWTVY3PXIheR8cxAI%3Ffbclid%3DPAQ0xDSwKqZTlleHRuA2FlbQIxMQABpzqg0VEtWwoqcrxEj_XsAwl3WUCoUmBK4X2Y3O56Z59hz0c-YEhHuL8iibPb_aem_Rq5epWpBmTdoKRDWTvJONQ|target:_blank\u00a0\u00bb][\/vc_column_inner][\/vc_row_inner][\/vc_column][\/vc_row]<\/p>\n<\/div>","protected":false},"excerpt":{"rendered":"<p>[vc_row full_width=\u00a0\u00bbstretch_row_content\u00a0\u00bb full_height=\u00a0\u00bbyes\u00a0\u00bb el_class=\u00a0\u00bbscrollable-section\u00a0\u00bb][vc_column][vc_empty_space height=\u00a0\u00bb50px\u00a0\u00bb][vc_custom_heading source=\u00a0\u00bbpost_title\u00a0\u00bb font_container=\u00a0\u00bbtag:h2|text_align:center\u00a0\u00bb use_theme_fonts=\u00a0\u00bbyes\u00a0\u00bb][vc_row_inner equal_height=\u00a0\u00bbyes\u00a0\u00bb content_placement=\u00a0\u00bbtop\u00a0\u00bb css=\u00a0\u00bb.vc_custom_1541520506989{background-color: #ffffff !important;}\u00a0\u00bb][vc_column_inner width=\u00a0\u00bb1\/3&Prime; css=\u00a0\u00bb.vc_custom_1669221662905{margin-top: 15px !important;margin-right: 15px !important;margin-bottom: 15px !important;margin-left: 15px !important;padding-top: 25px !important;padding-bottom: 25px !important;background-image: url(https:\/\/sullysmeribel.com\/wp-content\/uploads\/2022\/11\/sullys-bar-club-winter-ski-season-staff.jpeg?id=778) !important;background-position: center !important;background-repeat: no-repeat !important;background-size: cover !important;}\u00a0\u00bb][\/vc_column_inner][vc_column_inner el_class=\u00a0\u00bboutlined\u00a0\u00bb width=\u00a0\u00bb2\/3&Prime; css=\u00a0\u00bb.vc_custom_1541518607829{margin-top: 30px !important;margin-right: 30px !important;margin-bottom: 30px !important;margin-left: 30px !important;padding-top: 30px !important;padding-right: 30px !important;padding-bottom: 30px !important;padding-left: 30px !important;}\u00a0\u00bb][vc_column_text el_class=\u00a0\u00bbadress-info\u00a0\u00bb] &hellip; <\/p>\n<p class=\"link-more\"><a href=\"https:\/\/sullysmeribel.com\/fr\/jobs\/\" class=\"more-link\">Continuer la lecture<span class=\"screen-reader-text\"> de &laquo;&nbsp;Jobs&nbsp;&raquo;<\/span><\/a><\/p>\n","protected":false},"author":5,"featured_media":0,"parent":0,"menu_order":0,"comment_status":"closed","ping_status":"closed","template":"","meta":{"footnotes":""},"class_list":["post-525","page","type-page","status-publish","hentry"],"yoast_head":"<!-- This site is optimized with the Yoast SEO plugin v26.0 - https:\/\/yoast.com\/wordpress\/plugins\/seo\/ -->\n<title>Jobs - Sully&#039;s Meribel<\/title>\n<meta name=\"robots\" content=\"index, follow, max-snippet:-1, max-image-preview:large, max-video-preview:-1\" \/>\n<link rel=\"canonical\" href=\"https:\/\/sullysmeribel.com\/fr\/jobs\/\" \/>\n<meta property=\"og:locale\" content=\"fr_FR\" \/>\n<meta property=\"og:type\" content=\"article\" \/>\n<meta property=\"og:title\" content=\"Jobs - Sully&#039;s Meribel\" \/>\n<meta property=\"og:description\" content=\"[vc_row full_width=\u00a0\u00bbstretch_row_content\u00a0\u00bb full_height=\u00a0\u00bbyes\u00a0\u00bb el_class=\u00a0\u00bbscrollable-section\u00a0\u00bb][vc_column][vc_empty_space height=\u00a0\u00bb50px\u00a0\u00bb][vc_custom_heading source=\u00a0\u00bbpost_title\u00a0\u00bb font_container=\u00a0\u00bbtag:h2|text_align:center\u00a0\u00bb use_theme_fonts=\u00a0\u00bbyes\u00a0\u00bb][vc_row_inner equal_height=\u00a0\u00bbyes\u00a0\u00bb content_placement=\u00a0\u00bbtop\u00a0\u00bb css=\u00a0\u00bb.vc_custom_1541520506989{background-color: #ffffff !important;}\u00a0\u00bb][vc_column_inner width=\u00a0\u00bb1\/3&Prime; css=\u00a0\u00bb.vc_custom_1669221662905{margin-top: 15px !important;margin-right: 15px !important;margin-bottom: 15px !important;margin-left: 15px !important;padding-top: 25px !important;padding-bottom: 25px !important;background-image: url(https:\/\/sullysmeribel.com\/wp-content\/uploads\/2022\/11\/sullys-bar-club-winter-ski-season-staff.jpeg?id=778) !important;background-position: center !important;background-repeat: no-repeat !important;background-size: cover !important;}\u00a0\u00bb][\/vc_column_inner][vc_column_inner el_class=\u00a0\u00bboutlined\u00a0\u00bb width=\u00a0\u00bb2\/3&Prime; css=\u00a0\u00bb.vc_custom_1541518607829{margin-top: 30px !important;margin-right: 30px !important;margin-bottom: 30px !important;margin-left: 30px !important;padding-top: 30px !important;padding-right: 30px !important;padding-bottom: 30px !important;padding-left: 30px !important;}\u00a0\u00bb][vc_column_text el_class=\u00a0\u00bbadress-info\u00a0\u00bb] &hellip; Continuer la lecture de &laquo;&nbsp;Jobs&nbsp;&raquo;\" \/>\n<meta property=\"og:url\" content=\"https:\/\/sullysmeribel.com\/fr\/jobs\/\" \/>\n<meta property=\"og:site_name\" content=\"Sully&#039;s Meribel\" \/>\n<meta property=\"article:modified_time\" content=\"2025-06-02T13:58:08+00:00\" \/>\n<meta name=\"twitter:card\" content=\"summary_large_image\" \/>\n<meta name=\"twitter:label1\" content=\"Dur\u00e9e de lecture estim\u00e9e\" \/>\n\t<meta name=\"twitter:data1\" content=\"1 minute\" \/>\n<script type=\"application\/ld+json\" class=\"yoast-schema-graph\">{\"@context\":\"https:\/\/schema.org\",\"@graph\":[{\"@type\":\"WebPage\",\"@id\":\"https:\/\/sullysmeribel.com\/fr\/jobs\/\",\"url\":\"https:\/\/sullysmeribel.com\/fr\/jobs\/\",\"name\":\"Jobs - Sully&#039;s Meribel\",\"isPartOf\":{\"@id\":\"https:\/\/sullysmeribel.com\/#website\"},\"datePublished\":\"2020-08-25T09:21:10+00:00\",\"dateModified\":\"2025-06-02T13:58:08+00:00\",\"breadcrumb\":{\"@id\":\"https:\/\/sullysmeribel.com\/fr\/jobs\/#breadcrumb\"},\"inLanguage\":\"fr-FR\",\"potentialAction\":[{\"@type\":\"ReadAction\",\"target\":[\"https:\/\/sullysmeribel.com\/fr\/jobs\/\"]}]},{\"@type\":\"BreadcrumbList\",\"@id\":\"https:\/\/sullysmeribel.com\/fr\/jobs\/#breadcrumb\",\"itemListElement\":[{\"@type\":\"ListItem\",\"position\":1,\"name\":\"Home\",\"item\":\"https:\/\/sullysmeribel.com\/fr\/\"},{\"@type\":\"ListItem\",\"position\":2,\"name\":\"Jobs\"}]},{\"@type\":\"WebSite\",\"@id\":\"https:\/\/sullysmeribel.com\/#website\",\"url\":\"https:\/\/sullysmeribel.com\/\",\"name\":\"Sullys Meribel\",\"description\":\"Nightclub &amp; late night Bar\",\"publisher\":{\"@id\":\"https:\/\/sullysmeribel.com\/#organization\"},\"potentialAction\":[{\"@type\":\"SearchAction\",\"target\":{\"@type\":\"EntryPoint\",\"urlTemplate\":\"https:\/\/sullysmeribel.com\/?s={search_term_string}\"},\"query-input\":{\"@type\":\"PropertyValueSpecification\",\"valueRequired\":true,\"valueName\":\"search_term_string\"}}],\"inLanguage\":\"fr-FR\"},{\"@type\":\"Organization\",\"@id\":\"https:\/\/sullysmeribel.com\/#organization\",\"name\":\"Sully's\",\"url\":\"https:\/\/sullysmeribel.com\/\",\"logo\":{\"@type\":\"ImageObject\",\"inLanguage\":\"fr-FR\",\"@id\":\"https:\/\/sullysmeribel.com\/#\/schema\/logo\/image\/\",\"url\":\"https:\/\/sullysmeribel.com\/wp-content\/uploads\/2018\/11\/SULLYS-LOGO-FINAL-COMPRESSEE.png\",\"contentUrl\":\"https:\/\/sullysmeribel.com\/wp-content\/uploads\/2018\/11\/SULLYS-LOGO-FINAL-COMPRESSEE.png\",\"width\":600,\"height\":600,\"caption\":\"Sully's\"},\"image\":{\"@id\":\"https:\/\/sullysmeribel.com\/#\/schema\/logo\/image\/\"}}]}<\/script>\n<!-- \/ Yoast SEO plugin. -->","yoast_head_json":{"title":"Jobs - Sully&#039;s Meribel","robots":{"index":"index","follow":"follow","max-snippet":"max-snippet:-1","max-image-preview":"max-image-preview:large","max-video-preview":"max-video-preview:-1"},"canonical":"https:\/\/sullysmeribel.com\/fr\/jobs\/","og_locale":"fr_FR","og_type":"article","og_title":"Jobs - Sully&#039;s Meribel","og_description":"[vc_row full_width=\u00a0\u00bbstretch_row_content\u00a0\u00bb full_height=\u00a0\u00bbyes\u00a0\u00bb el_class=\u00a0\u00bbscrollable-section\u00a0\u00bb][vc_column][vc_empty_space height=\u00a0\u00bb50px\u00a0\u00bb][vc_custom_heading source=\u00a0\u00bbpost_title\u00a0\u00bb font_container=\u00a0\u00bbtag:h2|text_align:center\u00a0\u00bb use_theme_fonts=\u00a0\u00bbyes\u00a0\u00bb][vc_row_inner equal_height=\u00a0\u00bbyes\u00a0\u00bb content_placement=\u00a0\u00bbtop\u00a0\u00bb css=\u00a0\u00bb.vc_custom_1541520506989{background-color: #ffffff !important;}\u00a0\u00bb][vc_column_inner width=\u00a0\u00bb1\/3&Prime; css=\u00a0\u00bb.vc_custom_1669221662905{margin-top: 15px !important;margin-right: 15px !important;margin-bottom: 15px !important;margin-left: 15px !important;padding-top: 25px !important;padding-bottom: 25px !important;background-image: url(https:\/\/sullysmeribel.com\/wp-content\/uploads\/2022\/11\/sullys-bar-club-winter-ski-season-staff.jpeg?id=778) !important;background-position: center !important;background-repeat: no-repeat !important;background-size: cover !important;}\u00a0\u00bb][\/vc_column_inner][vc_column_inner el_class=\u00a0\u00bboutlined\u00a0\u00bb width=\u00a0\u00bb2\/3&Prime; css=\u00a0\u00bb.vc_custom_1541518607829{margin-top: 30px !important;margin-right: 30px !important;margin-bottom: 30px !important;margin-left: 30px !important;padding-top: 30px !important;padding-right: 30px !important;padding-bottom: 30px !important;padding-left: 30px !important;}\u00a0\u00bb][vc_column_text el_class=\u00a0\u00bbadress-info\u00a0\u00bb] &hellip; Continuer la lecture de &laquo;&nbsp;Jobs&nbsp;&raquo;","og_url":"https:\/\/sullysmeribel.com\/fr\/jobs\/","og_site_name":"Sully&#039;s Meribel","article_modified_time":"2025-06-02T13:58:08+00:00","twitter_card":"summary_large_image","twitter_misc":{"Dur\u00e9e de lecture estim\u00e9e":"1 minute"},"schema":{"@context":"https:\/\/schema.org","@graph":[{"@type":"WebPage","@id":"https:\/\/sullysmeribel.com\/fr\/jobs\/","url":"https:\/\/sullysmeribel.com\/fr\/jobs\/","name":"Jobs - Sully&#039;s Meribel","isPartOf":{"@id":"https:\/\/sullysmeribel.com\/#website"},"datePublished":"2020-08-25T09:21:10+00:00","dateModified":"2025-06-02T13:58:08+00:00","breadcrumb":{"@id":"https:\/\/sullysmeribel.com\/fr\/jobs\/#breadcrumb"},"inLanguage":"fr-FR","potentialAction":[{"@type":"ReadAction","target":["https:\/\/sullysmeribel.com\/fr\/jobs\/"]}]},{"@type":"BreadcrumbList","@id":"https:\/\/sullysmeribel.com\/fr\/jobs\/#breadcrumb","itemListElement":[{"@type":"ListItem","position":1,"name":"Home","item":"https:\/\/sullysmeribel.com\/fr\/"},{"@type":"ListItem","position":2,"name":"Jobs"}]},{"@type":"WebSite","@id":"https:\/\/sullysmeribel.com\/#website","url":"https:\/\/sullysmeribel.com\/","name":"Sullys Meribel","description":"Nightclub &amp; late night Bar","publisher":{"@id":"https:\/\/sullysmeribel.com\/#organization"},"potentialAction":[{"@type":"SearchAction","target":{"@type":"EntryPoint","urlTemplate":"https:\/\/sullysmeribel.com\/?s={search_term_string}"},"query-input":{"@type":"PropertyValueSpecification","valueRequired":true,"valueName":"search_term_string"}}],"inLanguage":"fr-FR"},{"@type":"Organization","@id":"https:\/\/sullysmeribel.com\/#organization","name":"Sully's","url":"https:\/\/sullysmeribel.com\/","logo":{"@type":"ImageObject","inLanguage":"fr-FR","@id":"https:\/\/sullysmeribel.com\/#\/schema\/logo\/image\/","url":"https:\/\/sullysmeribel.com\/wp-content\/uploads\/2018\/11\/SULLYS-LOGO-FINAL-COMPRESSEE.png","contentUrl":"https:\/\/sullysmeribel.com\/wp-content\/uploads\/2018\/11\/SULLYS-LOGO-FINAL-COMPRESSEE.png","width":600,"height":600,"caption":"Sully's"},"image":{"@id":"https:\/\/sullysmeribel.com\/#\/schema\/logo\/image\/"}}]}},"publishpress_future_action":{"enabled":false,"date":"2026-04-27 08:19:09","action":"draft","terms":[],"taxonomy":""},"_links":{"self":[{"href":"https:\/\/sullysmeribel.com\/fr\/wp-json\/wp\/v2\/pages\/525","targetHints":{"allow":["GET"]}}],"collection":[{"href":"https:\/\/sullysmeribel.com\/fr\/wp-json\/wp\/v2\/pages"}],"about":[{"href":"https:\/\/sullysmeribel.com\/fr\/wp-json\/wp\/v2\/types\/page"}],"author":[{"embeddable":true,"href":"https:\/\/sullysmeribel.com\/fr\/wp-json\/wp\/v2\/users\/5"}],"replies":[{"embeddable":true,"href":"https:\/\/sullysmeribel.com\/fr\/wp-json\/wp\/v2\/comments?post=525"}],"version-history":[{"count":8,"href":"https:\/\/sullysmeribel.com\/fr\/wp-json\/wp\/v2\/pages\/525\/revisions"}],"predecessor-version":[{"id":909,"href":"https:\/\/sullysmeribel.com\/fr\/wp-json\/wp\/v2\/pages\/525\/revisions\/909"}],"wp:attachment":[{"href":"https:\/\/sullysmeribel.com\/fr\/wp-json\/wp\/v2\/media?parent=525"}],"curies":[{"name":"wp","href":"https:\/\/api.w.org\/{rel}","templated":true}]}}