{"id":427,"date":"2018-12-05T17:51:24","date_gmt":"2018-12-05T16:51:24","guid":{"rendered":"https:\/\/sullysmeribel.com\/?page_id=427"},"modified":"2023-12-27T15:03:45","modified_gmt":"2023-12-27T14:03:45","slug":"sullys-bar-meribel","status":"publish","type":"page","link":"https:\/\/sullysmeribel.com\/fr\/sullys-bar-meribel\/","title":{"rendered":"Infos, r\u00e9servations &#038; contact"},"content":{"rendered":"<div class=\"wpb-content-wrapper\"><p>[vc_row full_width=\u00a0\u00bbstretch_row_content\u00a0\u00bb full_height=\u00a0\u00bbyes\u00a0\u00bb el_class=\u00a0\u00bbscrollable-section\u00a0\u00bb][vc_column][vc_custom_heading source=\u00a0\u00bbpost_title\u00a0\u00bb font_container=\u00a0\u00bbtag:h2|text_align:center\u00a0\u00bb use_theme_fonts=\u00a0\u00bbyes\u00a0\u00bb][vc_column_text]<\/p>\n<p style=\"text-align: center;\">Sullys Bar Meribel, <em>\u00a0\u00bb the place to be \u00a0\u00bb (<\/em> l\u2019endroit o\u00f9 il faut \u00eatre) \u00e0 M\u00e9ribel pour la musique live, les DJ les plus chaud de la ville et <em>plus encore!<\/em><\/p>\n<p style=\"text-align: center;\">D\u00e9couvrez <a href=\"https:\/\/sullysmeribel.com\/fr\/evenements\/\" target=\"_blank\" rel=\"noopener\">WHAT\u2019S ON<\/a> cette semaine au Sullys Bar !<\/p>\n<p>[\/vc_column_text][vc_column_text]<\/p>\n<p style=\"text-align: center;\">Vous avez perdu votre manteau? Vous souhaitez r\u00e9server une table ? Privatiser l\u2019ensemble du club ? Ou simplement savoir ce qui se passe cette semaine?<\/p>\n<p style=\"text-align: center;\">Contactez Sullys Bar Meribel AUJOURD\u2019HUI!<\/p>\n<p>[\/vc_column_text][vc_empty_space height=\u00a0\u00bb50px\u00a0\u00bb][vc_row_inner equal_height=\u00a0\u00bbyes\u00a0\u00bb content_placement=\u00a0\u00bbtop\u00a0\u00bb css=\u00a0\u00bb.vc_custom_1541520506989{background-color: #ffffff !important;}\u00a0\u00bb][vc_column_inner width=\u00a0\u00bb1\/3&Prime; css=\u00a0\u00bb.vc_custom_1668460294765{margin-top: 15px !important;margin-right: 15px !important;margin-bottom: 15px !important;margin-left: 15px !important;padding-top: 25px !important;padding-bottom: 25px !important;background-image: url(https:\/\/sullysmeribel.com\/wp-content\/uploads\/2022\/11\/feeling-fresh.jpg?id=680) !important;background-position: center !important;background-repeat: no-repeat !important;background-size: cover !important;}\u00a0\u00bb][\/vc_column_inner][vc_column_inner el_class=\u00a0\u00bboutlined\u00a0\u00bb width=\u00a0\u00bb1\/3&Prime; css=\u00a0\u00bb.vc_custom_1541518607829{margin-top: 30px !important;margin-right: 30px !important;margin-bottom: 30px !important;margin-left: 30px !important;padding-top: 30px !important;padding-right: 30px !important;padding-bottom: 30px !important;padding-left: 30px !important;}\u00a0\u00bb][vc_column_text el_class=\u00a0\u00bbadress-info\u00a0\u00bb]<\/p>\n<h3>HORAIRES<\/h3>\n<p><strong>Tous les jours de minuit \u00e0 5h<\/strong><\/p>\n<h3>ADRESSE<\/h3>\n<p>Sullys Bar Meribel<br \/>\nRDC<br \/>\nRoute de Mussillon<br \/>\n73550\u00a0M\u00e9ribel[\/vc_column_text][vc_column_text el_class=\u00a0\u00bbcontact-info floatLeft padR\u00a0\u00bb]<\/p>\n<h3>TELEPHONE<\/h3>\n<p><a href=\"tel:+33479005751\">+33 (0)4 79 00 57 51<\/a>[\/vc_column_text][vc_column_text el_class=\u00a0\u00bbcontact-info floatLeft padR\u00a0\u00bb]<\/p>\n<h3>EMAIL<\/h3>\n<p><a href=\"mailto:managerosm@alpine-bars.com\" target=\"_blank\" rel=\"noopener\">managerosm@alpine-bars.com<\/a>[\/vc_column_text][vc_icon type=\u00a0\u00bbmonosocial\u00a0\u00bb icon_monosocial=\u00a0\u00bbvc-mono vc-mono-facebook\u00a0\u00bb color=\u00a0\u00bbcustom\u00a0\u00bb css_animation=\u00a0\u00bbfadeInUp\u00a0\u00bb link=\u00a0\u00bburl:https%3A%2F%2Fwww.facebook.com%2Fosullivansmeribel%2F|title:Like%20%26%20Follow%20us|target:%20_blank|\u00a0\u00bb custom_color=\u00a0\u00bb#ed04ec\u00a0\u00bb el_class=\u00a0\u00bbfloatLeft padR clear\u00a0\u00bb][vc_icon type=\u00a0\u00bbmonosocial\u00a0\u00bb icon_monosocial=\u00a0\u00bbvc-mono vc-mono-instagram\u00a0\u00bb color=\u00a0\u00bbcustom\u00a0\u00bb css_animation=\u00a0\u00bbfadeInUp\u00a0\u00bb link=\u00a0\u00bburl:https%3A%2F%2Fwww.instagram.com%2Fsullysbarmeribel%2F%3Fhl%3Den|title:Follow%20%26%20Tag%20us|target:%20_blank|\u00a0\u00bb custom_color=\u00a0\u00bb#ed04ec\u00a0\u00bb el_class=\u00a0\u00bbfloatLeft padR\u00a0\u00bb][\/vc_column_inner][\/vc_row_inner][\/vc_column][\/vc_row]<\/p>\n<\/div>","protected":false},"excerpt":{"rendered":"<p>[vc_row full_width=\u00a0\u00bbstretch_row_content\u00a0\u00bb full_height=\u00a0\u00bbyes\u00a0\u00bb el_class=\u00a0\u00bbscrollable-section\u00a0\u00bb][vc_column][vc_custom_heading source=\u00a0\u00bbpost_title\u00a0\u00bb font_container=\u00a0\u00bbtag:h2|text_align:center\u00a0\u00bb use_theme_fonts=\u00a0\u00bbyes\u00a0\u00bb][vc_column_text] Sullys Bar Meribel, \u00a0\u00bb the place to be \u00a0\u00bb ( l\u2019endroit o\u00f9 il faut \u00eatre) \u00e0 M\u00e9ribel pour la musique live, les DJ les plus chaud de la ville et plus encore! D\u00e9couvrez WHAT\u2019S ON cette semaine au Sullys Bar ! [\/vc_column_text][vc_column_text] Vous avez perdu votre manteau? Vous &hellip; <\/p>\n<p class=\"link-more\"><a href=\"https:\/\/sullysmeribel.com\/fr\/sullys-bar-meribel\/\" class=\"more-link\">Continuer la lecture<span class=\"screen-reader-text\"> de &laquo;&nbsp;Infos, r\u00e9servations &#038; contact&nbsp;&raquo;<\/span><\/a><\/p>\n","protected":false},"author":5,"featured_media":0,"parent":0,"menu_order":0,"comment_status":"closed","ping_status":"closed","template":"","meta":{"footnotes":""},"class_list":["post-427","page","type-page","status-publish","hentry"],"yoast_head":"<!-- This site is optimized with the Yoast SEO plugin v26.0 - https:\/\/yoast.com\/wordpress\/plugins\/seo\/ -->\n<title>Sullys Meribel : bar tardif &amp; club : Info, r\u00e9servations &amp; contact<\/title>\n<meta name=\"description\" content=\"Vous avez perdu votre manteau? Vous souhaitez r\u00e9server une table ? Privatiser l\u2019ensemble du club ? Contactez Sullys Bar Meribel AUJOURD\u2019HUI!\" \/>\n<meta name=\"robots\" content=\"index, follow, max-snippet:-1, max-image-preview:large, max-video-preview:-1\" \/>\n<link rel=\"canonical\" href=\"https:\/\/sullysmeribel.com\/fr\/sullys-bar-meribel\/\" \/>\n<meta property=\"og:locale\" content=\"fr_FR\" \/>\n<meta property=\"og:type\" content=\"article\" \/>\n<meta property=\"og:title\" content=\"Sullys Meribel : bar tardif &amp; club : Info, r\u00e9servations &amp; contact\" \/>\n<meta property=\"og:description\" content=\"Vous avez perdu votre manteau? Vous souhaitez r\u00e9server une table ? Privatiser l\u2019ensemble du club ? Contactez Sullys Bar Meribel AUJOURD\u2019HUI!\" \/>\n<meta property=\"og:url\" content=\"https:\/\/sullysmeribel.com\/fr\/sullys-bar-meribel\/\" \/>\n<meta property=\"og:site_name\" content=\"Sully&#039;s Meribel\" \/>\n<meta property=\"article:modified_time\" content=\"2023-12-27T14:03:45+00:00\" \/>\n<meta name=\"twitter:card\" content=\"summary_large_image\" \/>\n<meta name=\"twitter:label1\" content=\"Dur\u00e9e de lecture estim\u00e9e\" \/>\n\t<meta name=\"twitter:data1\" content=\"1 minute\" \/>\n<script type=\"application\/ld+json\" class=\"yoast-schema-graph\">{\"@context\":\"https:\/\/schema.org\",\"@graph\":[{\"@type\":\"WebPage\",\"@id\":\"https:\/\/sullysmeribel.com\/fr\/sullys-bar-meribel\/\",\"url\":\"https:\/\/sullysmeribel.com\/fr\/sullys-bar-meribel\/\",\"name\":\"Sullys Meribel : bar tardif & club : Info, r\u00e9servations & contact\",\"isPartOf\":{\"@id\":\"https:\/\/sullysmeribel.com\/#website\"},\"datePublished\":\"2018-12-05T16:51:24+00:00\",\"dateModified\":\"2023-12-27T14:03:45+00:00\",\"description\":\"Vous avez perdu votre manteau? Vous souhaitez r\u00e9server une table ? Privatiser l\u2019ensemble du club ? Contactez Sullys Bar Meribel AUJOURD\u2019HUI!\",\"breadcrumb\":{\"@id\":\"https:\/\/sullysmeribel.com\/fr\/sullys-bar-meribel\/#breadcrumb\"},\"inLanguage\":\"fr-FR\",\"potentialAction\":[{\"@type\":\"ReadAction\",\"target\":[\"https:\/\/sullysmeribel.com\/fr\/sullys-bar-meribel\/\"]}]},{\"@type\":\"BreadcrumbList\",\"@id\":\"https:\/\/sullysmeribel.com\/fr\/sullys-bar-meribel\/#breadcrumb\",\"itemListElement\":[{\"@type\":\"ListItem\",\"position\":1,\"name\":\"Home\",\"item\":\"https:\/\/sullysmeribel.com\/fr\/\"},{\"@type\":\"ListItem\",\"position\":2,\"name\":\"Infos, r\u00e9servations &#038; contact\"}]},{\"@type\":\"WebSite\",\"@id\":\"https:\/\/sullysmeribel.com\/#website\",\"url\":\"https:\/\/sullysmeribel.com\/\",\"name\":\"Sullys Meribel\",\"description\":\"Nightclub &amp; late night Bar\",\"publisher\":{\"@id\":\"https:\/\/sullysmeribel.com\/#organization\"},\"potentialAction\":[{\"@type\":\"SearchAction\",\"target\":{\"@type\":\"EntryPoint\",\"urlTemplate\":\"https:\/\/sullysmeribel.com\/?s={search_term_string}\"},\"query-input\":{\"@type\":\"PropertyValueSpecification\",\"valueRequired\":true,\"valueName\":\"search_term_string\"}}],\"inLanguage\":\"fr-FR\"},{\"@type\":\"Organization\",\"@id\":\"https:\/\/sullysmeribel.com\/#organization\",\"name\":\"Sully's\",\"url\":\"https:\/\/sullysmeribel.com\/\",\"logo\":{\"@type\":\"ImageObject\",\"inLanguage\":\"fr-FR\",\"@id\":\"https:\/\/sullysmeribel.com\/#\/schema\/logo\/image\/\",\"url\":\"https:\/\/sullysmeribel.com\/wp-content\/uploads\/2018\/11\/SULLYS-LOGO-FINAL-COMPRESSEE.png\",\"contentUrl\":\"https:\/\/sullysmeribel.com\/wp-content\/uploads\/2018\/11\/SULLYS-LOGO-FINAL-COMPRESSEE.png\",\"width\":600,\"height\":600,\"caption\":\"Sully's\"},\"image\":{\"@id\":\"https:\/\/sullysmeribel.com\/#\/schema\/logo\/image\/\"}}]}<\/script>\n<!-- \/ Yoast SEO plugin. -->","yoast_head_json":{"title":"Sullys Meribel : bar tardif & club : Info, r\u00e9servations & contact","description":"Vous avez perdu votre manteau? Vous souhaitez r\u00e9server une table ? Privatiser l\u2019ensemble du club ? Contactez Sullys Bar Meribel AUJOURD\u2019HUI!","robots":{"index":"index","follow":"follow","max-snippet":"max-snippet:-1","max-image-preview":"max-image-preview:large","max-video-preview":"max-video-preview:-1"},"canonical":"https:\/\/sullysmeribel.com\/fr\/sullys-bar-meribel\/","og_locale":"fr_FR","og_type":"article","og_title":"Sullys Meribel : bar tardif & club : Info, r\u00e9servations & contact","og_description":"Vous avez perdu votre manteau? Vous souhaitez r\u00e9server une table ? Privatiser l\u2019ensemble du club ? Contactez Sullys Bar Meribel AUJOURD\u2019HUI!","og_url":"https:\/\/sullysmeribel.com\/fr\/sullys-bar-meribel\/","og_site_name":"Sully&#039;s Meribel","article_modified_time":"2023-12-27T14:03:45+00:00","twitter_card":"summary_large_image","twitter_misc":{"Dur\u00e9e de lecture estim\u00e9e":"1 minute"},"schema":{"@context":"https:\/\/schema.org","@graph":[{"@type":"WebPage","@id":"https:\/\/sullysmeribel.com\/fr\/sullys-bar-meribel\/","url":"https:\/\/sullysmeribel.com\/fr\/sullys-bar-meribel\/","name":"Sullys Meribel : bar tardif & club : Info, r\u00e9servations & contact","isPartOf":{"@id":"https:\/\/sullysmeribel.com\/#website"},"datePublished":"2018-12-05T16:51:24+00:00","dateModified":"2023-12-27T14:03:45+00:00","description":"Vous avez perdu votre manteau? Vous souhaitez r\u00e9server une table ? Privatiser l\u2019ensemble du club ? Contactez Sullys Bar Meribel AUJOURD\u2019HUI!","breadcrumb":{"@id":"https:\/\/sullysmeribel.com\/fr\/sullys-bar-meribel\/#breadcrumb"},"inLanguage":"fr-FR","potentialAction":[{"@type":"ReadAction","target":["https:\/\/sullysmeribel.com\/fr\/sullys-bar-meribel\/"]}]},{"@type":"BreadcrumbList","@id":"https:\/\/sullysmeribel.com\/fr\/sullys-bar-meribel\/#breadcrumb","itemListElement":[{"@type":"ListItem","position":1,"name":"Home","item":"https:\/\/sullysmeribel.com\/fr\/"},{"@type":"ListItem","position":2,"name":"Infos, r\u00e9servations &#038; contact"}]},{"@type":"WebSite","@id":"https:\/\/sullysmeribel.com\/#website","url":"https:\/\/sullysmeribel.com\/","name":"Sullys Meribel","description":"Nightclub &amp; late night Bar","publisher":{"@id":"https:\/\/sullysmeribel.com\/#organization"},"potentialAction":[{"@type":"SearchAction","target":{"@type":"EntryPoint","urlTemplate":"https:\/\/sullysmeribel.com\/?s={search_term_string}"},"query-input":{"@type":"PropertyValueSpecification","valueRequired":true,"valueName":"search_term_string"}}],"inLanguage":"fr-FR"},{"@type":"Organization","@id":"https:\/\/sullysmeribel.com\/#organization","name":"Sully's","url":"https:\/\/sullysmeribel.com\/","logo":{"@type":"ImageObject","inLanguage":"fr-FR","@id":"https:\/\/sullysmeribel.com\/#\/schema\/logo\/image\/","url":"https:\/\/sullysmeribel.com\/wp-content\/uploads\/2018\/11\/SULLYS-LOGO-FINAL-COMPRESSEE.png","contentUrl":"https:\/\/sullysmeribel.com\/wp-content\/uploads\/2018\/11\/SULLYS-LOGO-FINAL-COMPRESSEE.png","width":600,"height":600,"caption":"Sully's"},"image":{"@id":"https:\/\/sullysmeribel.com\/#\/schema\/logo\/image\/"}}]}},"publishpress_future_action":{"enabled":false,"date":"2026-04-30 20:29:45","action":"draft","terms":[],"taxonomy":""},"_links":{"self":[{"href":"https:\/\/sullysmeribel.com\/fr\/wp-json\/wp\/v2\/pages\/427","targetHints":{"allow":["GET"]}}],"collection":[{"href":"https:\/\/sullysmeribel.com\/fr\/wp-json\/wp\/v2\/pages"}],"about":[{"href":"https:\/\/sullysmeribel.com\/fr\/wp-json\/wp\/v2\/types\/page"}],"author":[{"embeddable":true,"href":"https:\/\/sullysmeribel.com\/fr\/wp-json\/wp\/v2\/users\/5"}],"replies":[{"embeddable":true,"href":"https:\/\/sullysmeribel.com\/fr\/wp-json\/wp\/v2\/comments?post=427"}],"version-history":[{"count":15,"href":"https:\/\/sullysmeribel.com\/fr\/wp-json\/wp\/v2\/pages\/427\/revisions"}],"predecessor-version":[{"id":849,"href":"https:\/\/sullysmeribel.com\/fr\/wp-json\/wp\/v2\/pages\/427\/revisions\/849"}],"wp:attachment":[{"href":"https:\/\/sullysmeribel.com\/fr\/wp-json\/wp\/v2\/media?parent=427"}],"curies":[{"name":"wp","href":"https:\/\/api.w.org\/{rel}","templated":true}]}}