{"id":425,"date":"2018-12-20T12:55:22","date_gmt":"2018-12-20T11:55:22","guid":{"rendered":"https:\/\/sullysmeribel.com\/?page_id=425"},"modified":"2025-12-27T18:11:06","modified_gmt":"2025-12-27T17:11:06","slug":"about","status":"publish","type":"page","link":"https:\/\/sullysmeribel.com\/fr\/about\/","title":{"rendered":"About"},"content":{"rendered":"<div class=\"wpb-content-wrapper\"><p>[vc_row full_width=\u00a0\u00bbstretch_row_content\u00a0\u00bb full_height=\u00a0\u00bbyes\u00a0\u00bb el_class=\u00a0\u00bbscrollable-section\u00a0\u00bb][vc_column][vc_empty_space height=\u00a0\u00bb50px\u00a0\u00bb][vc_custom_heading source=\u00a0\u00bbpost_title\u00a0\u00bb font_container=\u00a0\u00bbtag:h2|text_align:center\u00a0\u00bb use_theme_fonts=\u00a0\u00bbyes\u00a0\u00bb][vc_row_inner equal_height=\u00a0\u00bbyes\u00a0\u00bb content_placement=\u00a0\u00bbtop\u00a0\u00bb css=\u00a0\u00bb.vc_custom_1541520506989{background-color: #ffffff !important;}\u00a0\u00bb][vc_column_inner el_class=\u00a0\u00bboutlined\u00a0\u00bb width=\u00a0\u00bb1\/2&Prime; css=\u00a0\u00bb.vc_custom_1766855463629{margin-top: 30px !important;margin-right: 30px !important;margin-bottom: 30px !important;margin-left: 30px !important;padding-top: 30px !important;padding-right: 30px !important;padding-bottom: 30px !important;padding-left: 30px !important;background-color: #2d2d2d !important;}\u00a0\u00bb][vc_custom_heading text=\u00a0\u00bbQUE TU ES ENVIE DE SAVOURER UNE BONNE BIERE BIEN FRAICHE OU DE T\u2019AMBIANCER TOUTE LA NUIT, SI TU ES A MERIBEL, C\u2019EST AU SULLYS QUE CA SE PASSE !\u00a0\u00bb font_container=\u00a0\u00bbtag:h3|text_align:left\u00a0\u00bb use_theme_fonts=\u00a0\u00bbyes\u00a0\u00bb][vc_column_text]Anciennement connu sous le nom de Dicks T-bar ou O\u2019Sullivans, votre Irish Pub fait peau neuve et devient le SULLYS\u00a0! Ayant su r\u00e9sister \u00e0 l\u2019\u00e9preuve du temps, la r\u00e9putation de ces soir\u00e9es n\u2019est plus \u00e0 faire\u00a0!<\/p>\n<p>Situ\u00e9 sous le Den R\u00f4tisserie, plongez dans une ambiance \u00ab underground \u00bb, \u00e0 la d\u00e9coration contemporaine et \u00e9nergique. R\u00e9put\u00e9 pour cr\u00e9er une atmosph\u00e8re de folie, vous ne voudrez plus jamais quitter la piste de danse pour profiter des grands noms du DJing (Krafty Kuts, Dub Pistols and Shaka Loves You) ou de nos talentueux DJs r\u00e9sidents (Bubble &amp; Crisp &amp; Ze Funkin English) sans oublier les <strong><a href=\"https:\/\/sullysmeribel.com\/fr\/non-classifiee\/musique-live-meribel-sullys\/#\" target=\"_blank\" rel=\"noopener\">\u00ab live-music \u00bb<\/a><\/strong> !<\/p>\n<p>&nbsp;<\/p>\n<p>Ce n\u2019est donc pas \u00e9tonnant qu\u2019au fil des ann\u00e9es, le SULLYS ai accueilli de nombreux \u00e9v\u00e8nements c\u00e9l\u00e8bres comme \u00ab Ibiza Rocks \u00bb ou encore \u00ab Sullys Presents\u00bb.<\/p>\n<p>Garde cela en t\u00eate\u00a0: sois funky et profite de nos soir\u00e9es en entr\u00e9e libre (sauf \u00e9v\u00e8nements exceptionnels).\u00a0 les soir\u00e9es sont toutes en entr\u00e9e libre (sauf \u00e9v\u00e8nements exceptionnels).<\/p>\n<p>Alors embarque tous tes amis et n\u2019oublie pas\u00a0: \u00ab\u00a0l\u00e0 ou vivent les gueules de bois, la m\u00e9moire n\u2019existe pas\u00a0!\u00a0\u00bb<\/p>\n<p>&nbsp;<\/p>\n<p>L&rsquo;hiver approche \u00e0 grands pas et la programmation cette ann\u00e9e sera exceptionnelle comme jamais. Alors\u2026Pr\u00eat \u00e0 vous faire \u00ab\u00a0SULLYSer\u00a0\u00bb\u00a0?[\/vc_column_text][\/vc_column_inner][vc_column_inner width=\u00a0\u00bb1\/2&Prime; css=\u00a0\u00bb.vc_custom_1766855206593{margin-top: 15px !important;margin-right: 15px !important;margin-bottom: 15px !important;margin-left: 15px !important;padding-top: 50px !important;padding-bottom: 50px !important;background-image: url(https:\/\/sullysmeribel.com\/wp-content\/uploads\/2018\/11\/Dancing-the-night-away-at-Sullys-bar-Meribel.jpeg?id=730) !important;background-position: center !important;background-repeat: no-repeat !important;background-size: cover !important;}\u00a0\u00bb][\/vc_column_inner][\/vc_row_inner][\/vc_column][\/vc_row]<\/p>\n<\/div>","protected":false},"excerpt":{"rendered":"<p>[vc_row full_width=\u00a0\u00bbstretch_row_content\u00a0\u00bb full_height=\u00a0\u00bbyes\u00a0\u00bb el_class=\u00a0\u00bbscrollable-section\u00a0\u00bb][vc_column][vc_empty_space height=\u00a0\u00bb50px\u00a0\u00bb][vc_custom_heading source=\u00a0\u00bbpost_title\u00a0\u00bb font_container=\u00a0\u00bbtag:h2|text_align:center\u00a0\u00bb use_theme_fonts=\u00a0\u00bbyes\u00a0\u00bb][vc_row_inner equal_height=\u00a0\u00bbyes\u00a0\u00bb content_placement=\u00a0\u00bbtop\u00a0\u00bb css=\u00a0\u00bb.vc_custom_1541520506989{background-color: #ffffff !important;}\u00a0\u00bb][vc_column_inner el_class=\u00a0\u00bboutlined\u00a0\u00bb width=\u00a0\u00bb1\/2&Prime; css=\u00a0\u00bb.vc_custom_1766855463629{margin-top: 30px !important;margin-right: 30px !important;margin-bottom: 30px !important;margin-left: 30px !important;padding-top: 30px !important;padding-right: 30px !important;padding-bottom: 30px !important;padding-left: 30px !important;background-color: #2d2d2d !important;}\u00a0\u00bb][vc_custom_heading text=\u00a0\u00bbQUE TU ES ENVIE DE SAVOURER UNE BONNE BIERE BIEN FRAICHE OU DE T\u2019AMBIANCER TOUTE LA NUIT, SI TU ES A &hellip; <\/p>\n<p class=\"link-more\"><a href=\"https:\/\/sullysmeribel.com\/fr\/about\/\" class=\"more-link\">Continuer la lecture<span class=\"screen-reader-text\"> de &laquo;&nbsp;About&nbsp;&raquo;<\/span><\/a><\/p>\n","protected":false},"author":5,"featured_media":0,"parent":0,"menu_order":0,"comment_status":"closed","ping_status":"closed","template":"","meta":{"footnotes":""},"class_list":["post-425","page","type-page","status-publish","hentry"],"yoast_head":"<!-- This site is optimized with the Yoast SEO plugin v26.0 - https:\/\/yoast.com\/wordpress\/plugins\/seo\/ -->\n<title>About - Sully&#039;s Meribel<\/title>\n<meta name=\"description\" content=\"D\u00e9couvrez Sully\u2019s M\u00e9ribel, bar et bo\u00eete de nuit l\u00e9gendaires. Spot incontournable pour la vie nocturne, DJs et soir\u00e9es festives\" \/>\n<meta name=\"robots\" content=\"index, follow, max-snippet:-1, max-image-preview:large, max-video-preview:-1\" \/>\n<link rel=\"canonical\" href=\"https:\/\/sullysmeribel.com\/fr\/about\/\" \/>\n<meta property=\"og:locale\" content=\"fr_FR\" \/>\n<meta property=\"og:type\" content=\"article\" \/>\n<meta property=\"og:title\" content=\"About - Sully&#039;s Meribel\" \/>\n<meta property=\"og:description\" content=\"D\u00e9couvrez Sully\u2019s M\u00e9ribel, bar et bo\u00eete de nuit l\u00e9gendaires. Spot incontournable pour la vie nocturne, DJs et soir\u00e9es festives\" \/>\n<meta property=\"og:url\" content=\"https:\/\/sullysmeribel.com\/fr\/about\/\" \/>\n<meta property=\"og:site_name\" content=\"Sully&#039;s Meribel\" \/>\n<meta property=\"article:modified_time\" content=\"2025-12-27T17:11:06+00:00\" \/>\n<meta name=\"twitter:card\" content=\"summary_large_image\" \/>\n<meta name=\"twitter:label1\" content=\"Dur\u00e9e de lecture estim\u00e9e\" \/>\n\t<meta name=\"twitter:data1\" content=\"2 minutes\" \/>\n<script type=\"application\/ld+json\" class=\"yoast-schema-graph\">{\"@context\":\"https:\/\/schema.org\",\"@graph\":[{\"@type\":\"WebPage\",\"@id\":\"https:\/\/sullysmeribel.com\/fr\/about\/\",\"url\":\"https:\/\/sullysmeribel.com\/fr\/about\/\",\"name\":\"About - Sully&#039;s Meribel\",\"isPartOf\":{\"@id\":\"https:\/\/sullysmeribel.com\/#website\"},\"datePublished\":\"2018-12-20T11:55:22+00:00\",\"dateModified\":\"2025-12-27T17:11:06+00:00\",\"description\":\"D\u00e9couvrez Sully\u2019s M\u00e9ribel, bar et bo\u00eete de nuit l\u00e9gendaires. Spot incontournable pour la vie nocturne, DJs et soir\u00e9es festives\",\"breadcrumb\":{\"@id\":\"https:\/\/sullysmeribel.com\/fr\/about\/#breadcrumb\"},\"inLanguage\":\"fr-FR\",\"potentialAction\":[{\"@type\":\"ReadAction\",\"target\":[\"https:\/\/sullysmeribel.com\/fr\/about\/\"]}]},{\"@type\":\"BreadcrumbList\",\"@id\":\"https:\/\/sullysmeribel.com\/fr\/about\/#breadcrumb\",\"itemListElement\":[{\"@type\":\"ListItem\",\"position\":1,\"name\":\"Home\",\"item\":\"https:\/\/sullysmeribel.com\/fr\/\"},{\"@type\":\"ListItem\",\"position\":2,\"name\":\"About\"}]},{\"@type\":\"WebSite\",\"@id\":\"https:\/\/sullysmeribel.com\/#website\",\"url\":\"https:\/\/sullysmeribel.com\/\",\"name\":\"Sullys Meribel\",\"description\":\"Nightclub &amp; late night Bar\",\"publisher\":{\"@id\":\"https:\/\/sullysmeribel.com\/#organization\"},\"potentialAction\":[{\"@type\":\"SearchAction\",\"target\":{\"@type\":\"EntryPoint\",\"urlTemplate\":\"https:\/\/sullysmeribel.com\/?s={search_term_string}\"},\"query-input\":{\"@type\":\"PropertyValueSpecification\",\"valueRequired\":true,\"valueName\":\"search_term_string\"}}],\"inLanguage\":\"fr-FR\"},{\"@type\":\"Organization\",\"@id\":\"https:\/\/sullysmeribel.com\/#organization\",\"name\":\"Sully's\",\"url\":\"https:\/\/sullysmeribel.com\/\",\"logo\":{\"@type\":\"ImageObject\",\"inLanguage\":\"fr-FR\",\"@id\":\"https:\/\/sullysmeribel.com\/#\/schema\/logo\/image\/\",\"url\":\"https:\/\/sullysmeribel.com\/wp-content\/uploads\/2018\/11\/SULLYS-LOGO-FINAL-COMPRESSEE.png\",\"contentUrl\":\"https:\/\/sullysmeribel.com\/wp-content\/uploads\/2018\/11\/SULLYS-LOGO-FINAL-COMPRESSEE.png\",\"width\":600,\"height\":600,\"caption\":\"Sully's\"},\"image\":{\"@id\":\"https:\/\/sullysmeribel.com\/#\/schema\/logo\/image\/\"}}]}<\/script>\n<!-- \/ Yoast SEO plugin. -->","yoast_head_json":{"title":"About - Sully&#039;s Meribel","description":"D\u00e9couvrez Sully\u2019s M\u00e9ribel, bar et bo\u00eete de nuit l\u00e9gendaires. Spot incontournable pour la vie nocturne, DJs et soir\u00e9es festives","robots":{"index":"index","follow":"follow","max-snippet":"max-snippet:-1","max-image-preview":"max-image-preview:large","max-video-preview":"max-video-preview:-1"},"canonical":"https:\/\/sullysmeribel.com\/fr\/about\/","og_locale":"fr_FR","og_type":"article","og_title":"About - Sully&#039;s Meribel","og_description":"D\u00e9couvrez Sully\u2019s M\u00e9ribel, bar et bo\u00eete de nuit l\u00e9gendaires. Spot incontournable pour la vie nocturne, DJs et soir\u00e9es festives","og_url":"https:\/\/sullysmeribel.com\/fr\/about\/","og_site_name":"Sully&#039;s Meribel","article_modified_time":"2025-12-27T17:11:06+00:00","twitter_card":"summary_large_image","twitter_misc":{"Dur\u00e9e de lecture estim\u00e9e":"2 minutes"},"schema":{"@context":"https:\/\/schema.org","@graph":[{"@type":"WebPage","@id":"https:\/\/sullysmeribel.com\/fr\/about\/","url":"https:\/\/sullysmeribel.com\/fr\/about\/","name":"About - Sully&#039;s Meribel","isPartOf":{"@id":"https:\/\/sullysmeribel.com\/#website"},"datePublished":"2018-12-20T11:55:22+00:00","dateModified":"2025-12-27T17:11:06+00:00","description":"D\u00e9couvrez Sully\u2019s M\u00e9ribel, bar et bo\u00eete de nuit l\u00e9gendaires. Spot incontournable pour la vie nocturne, DJs et soir\u00e9es festives","breadcrumb":{"@id":"https:\/\/sullysmeribel.com\/fr\/about\/#breadcrumb"},"inLanguage":"fr-FR","potentialAction":[{"@type":"ReadAction","target":["https:\/\/sullysmeribel.com\/fr\/about\/"]}]},{"@type":"BreadcrumbList","@id":"https:\/\/sullysmeribel.com\/fr\/about\/#breadcrumb","itemListElement":[{"@type":"ListItem","position":1,"name":"Home","item":"https:\/\/sullysmeribel.com\/fr\/"},{"@type":"ListItem","position":2,"name":"About"}]},{"@type":"WebSite","@id":"https:\/\/sullysmeribel.com\/#website","url":"https:\/\/sullysmeribel.com\/","name":"Sullys Meribel","description":"Nightclub &amp; late night Bar","publisher":{"@id":"https:\/\/sullysmeribel.com\/#organization"},"potentialAction":[{"@type":"SearchAction","target":{"@type":"EntryPoint","urlTemplate":"https:\/\/sullysmeribel.com\/?s={search_term_string}"},"query-input":{"@type":"PropertyValueSpecification","valueRequired":true,"valueName":"search_term_string"}}],"inLanguage":"fr-FR"},{"@type":"Organization","@id":"https:\/\/sullysmeribel.com\/#organization","name":"Sully's","url":"https:\/\/sullysmeribel.com\/","logo":{"@type":"ImageObject","inLanguage":"fr-FR","@id":"https:\/\/sullysmeribel.com\/#\/schema\/logo\/image\/","url":"https:\/\/sullysmeribel.com\/wp-content\/uploads\/2018\/11\/SULLYS-LOGO-FINAL-COMPRESSEE.png","contentUrl":"https:\/\/sullysmeribel.com\/wp-content\/uploads\/2018\/11\/SULLYS-LOGO-FINAL-COMPRESSEE.png","width":600,"height":600,"caption":"Sully's"},"image":{"@id":"https:\/\/sullysmeribel.com\/#\/schema\/logo\/image\/"}}]}},"publishpress_future_action":{"enabled":false,"date":"2026-04-16 00:29:32","action":"draft","terms":[],"taxonomy":""},"_links":{"self":[{"href":"https:\/\/sullysmeribel.com\/fr\/wp-json\/wp\/v2\/pages\/425","targetHints":{"allow":["GET"]}}],"collection":[{"href":"https:\/\/sullysmeribel.com\/fr\/wp-json\/wp\/v2\/pages"}],"about":[{"href":"https:\/\/sullysmeribel.com\/fr\/wp-json\/wp\/v2\/types\/page"}],"author":[{"embeddable":true,"href":"https:\/\/sullysmeribel.com\/fr\/wp-json\/wp\/v2\/users\/5"}],"replies":[{"embeddable":true,"href":"https:\/\/sullysmeribel.com\/fr\/wp-json\/wp\/v2\/comments?post=425"}],"version-history":[{"count":6,"href":"https:\/\/sullysmeribel.com\/fr\/wp-json\/wp\/v2\/pages\/425\/revisions"}],"predecessor-version":[{"id":975,"href":"https:\/\/sullysmeribel.com\/fr\/wp-json\/wp\/v2\/pages\/425\/revisions\/975"}],"wp:attachment":[{"href":"https:\/\/sullysmeribel.com\/fr\/wp-json\/wp\/v2\/media?parent=425"}],"curies":[{"name":"wp","href":"https:\/\/api.w.org\/{rel}","templated":true}]}}